{"id":5453,"date":"2024-01-17T18:10:36","date_gmt":"2024-01-17T17:10:36","guid":{"rendered":"https:\/\/sauronconsulting.es\/articles\/"},"modified":"2024-02-10T00:43:52","modified_gmt":"2024-02-09T23:43:52","slug":"articles","status":"publish","type":"page","link":"https:\/\/sauronconsulting.es\/ca\/articles\/","title":{"rendered":"Articles"},"content":{"rendered":"\t\t<div data-elementor-type=\"wp-page\" data-elementor-id=\"5453\" class=\"elementor elementor-5453 elementor-1646\" data-elementor-post-type=\"page\">\n\t\t\t\t<div class=\"elementor-element elementor-element-c7d52d5 e-flex e-con-boxed e-con e-parent\" data-id=\"c7d52d5\" data-element_type=\"container\" data-e-type=\"container\">\n\t\t\t\t\t<div class=\"e-con-inner\">\n\t\t\t\t<div class=\"elementor-element elementor-element-02c369f elementor-widget elementor-widget-breadcrumbs\" data-id=\"02c369f\" data-element_type=\"widget\" data-e-type=\"widget\" data-widget_type=\"breadcrumbs.default\">\n\t\t\t\t<div class=\"elementor-widget-container\">\n\t\t\t\t\t<p id=\"breadcrumbs\"><span><span><a href=\"https:\/\/sauronconsulting.es\/ca\/\">Inicio<\/a><\/span><\/span><\/p>\t\t\t\t<\/div>\n\t\t\t\t<\/div>\n\t\t\t\t\t<\/div>\n\t\t\t\t<\/div>\n\t\t\t\t<section class=\"elementor-section elementor-top-section elementor-element elementor-element-76fd449 elementor-section-boxed elementor-section-height-default elementor-section-height-default\" data-id=\"76fd449\" data-element_type=\"section\" data-e-type=\"section\" data-settings=\"{&quot;background_background&quot;:&quot;classic&quot;}\">\n\t\t\t\t\t\t<div class=\"elementor-container elementor-column-gap-wider\">\n\t\t\t\t\t<div class=\"elementor-column elementor-col-100 elementor-top-column elementor-element elementor-element-27b1afc\" data-id=\"27b1afc\" data-element_type=\"column\" data-e-type=\"column\">\n\t\t\t<div class=\"elementor-widget-wrap elementor-element-populated\">\n\t\t\t\t\t\t<div class=\"elementor-element elementor-element-8a84462 img-align-top img-align-mobile-top image-vertical-align-center slide-h-position-center icon-box-vertical-align-top preserve-img-ratio-cover elementor-widget elementor-widget-the7-elements-simple-posts\" data-id=\"8a84462\" data-element_type=\"widget\" data-e-type=\"widget\" data-widget_type=\"the7-elements-simple-posts.default\">\n\t\t\t\t<div class=\"elementor-widget-container\">\n\t\t\t\t\t<div class=\"the7-simple-widget-posts the7-elementor-widget the7-elements-simple-posts-8a84462 jquery-filter jquery-filter\" data-post-limit=\"-1\" data-pagination-mode=\"none\" data-scroll-offset=\"\" aria-live=\"assertive\">\t\t\t<div class=\"dt-css-grid custom-pagination-handler\" data-columns=\"{&quot;d&quot;:3,&quot;t&quot;:2,&quot;p&quot;:1,&quot;wd&quot;:&quot;&quot;}\">\n\t\t\t\t\t\t\t\t\t<div class=\"wf-cell visible \">\n\t\t\t\t\t\t<article class=\"post visible wrapper post-5476 type-post status-publish format-standard has-post-thumbnail hentry category-uncategorized-ca\">\n\n\t\t\t\t\t\t\t<div class=\"post-content-wrapper\">\n\t\t\t\t\t\t\t\t\t\t\t\t\t\t\t\t\t<div class=\"the7-simple-post-thumb\">\n\t\t\t\t\t\t\t\t\t\t<a class=\"post-thumbnail-rollover layzr-bg img-css-resize-wrapper\" aria-label=\"Post image\" href=\"https:\/\/sauronconsulting.es\/ca\/com-trobar-el-seu-assessor-empresarial-ideal\/\"><img fetchpriority=\"high\" decoding=\"async\" width=\"1500\" height=\"1000\" src=\"data:image\/svg+xml,%3Csvg%20xmlns%3D&#039;http%3A%2F%2Fwww.w3.org%2F2000%2Fsvg&#039;%20viewBox%3D&#039;0%200%201500%201000&#039;%2F%3E\" class=\"attachment-full size-full preload-me aspect lazy lazy-load\" alt=\"dos trabajadores asesor\u00eda mirando port\u00e1til\" style=\"--ratio: 1500 \/ 1000;\" data-src=\"https:\/\/sauronconsulting.es\/wp-content\/uploads\/2020\/02\/elegir-asesor.webp\" loading=\"eager\" \/><span class=\"the7-hover-icon\"><\/span><\/a>\t\t\t\t\t\t\t\t\t<\/div>\n\t\t\t\t\t\t\t\t\t\t\t\t\t\t\t\t<div class=\"post-entry-content\">\n\t\t\t\t\t\t\t\t\t<h5 class=\"heading\"><a href=\"https:\/\/sauronconsulting.es\/ca\/com-trobar-el-seu-assessor-empresarial-ideal\/\" rel=\"bookmark\" title=\"Com trobar el seu assessor empresarial ideal\" class=\"post-title\">Com trobar el seu assessor empresarial ideal<\/a><\/h5><div class=\"entry-meta\"><a href=\"https:\/\/sauronconsulting.es\/ca\/2024\/01\/18\/\" title=\"12:56\" class=\"meta-item data-link\" rel=\"bookmark\"><time class=\"entry-date updated\" datetime=\"2024-01-18T12:56:39+01:00\">18 de gener de 2024<\/time><\/a><\/div><a href=\"https:\/\/sauronconsulting.es\/ca\/com-trobar-el-seu-assessor-empresarial-ideal\/\" target=\"\" aria-label=\"Read more about Com trobar el seu assessor empresarial ideal\" class=\"box-button elementor-button elementor-size-sm\">Llegir article<\/a>\t\t\t\t\t\t\t\t<\/div>\n\t\t\t\t\t\t\t<\/div>\n\t\t\t\t\t\t<\/article>\n\t\t\t\t\t<\/div>\t\t\t\t\t\t\t\t\t\t<div class=\"wf-cell visible \">\n\t\t\t\t\t\t<article class=\"post visible wrapper post-5478 type-post status-publish format-standard has-post-thumbnail hentry category-uncategorized-ca\">\n\n\t\t\t\t\t\t\t<div class=\"post-content-wrapper\">\n\t\t\t\t\t\t\t\t\t\t\t\t\t\t\t\t\t<div class=\"the7-simple-post-thumb\">\n\t\t\t\t\t\t\t\t\t\t<a class=\"post-thumbnail-rollover layzr-bg img-css-resize-wrapper\" aria-label=\"Post image\" href=\"https:\/\/sauronconsulting.es\/ca\/els-6-millors-trucs-de-planificacio-financera\/\"><img decoding=\"async\" width=\"1500\" height=\"1000\" src=\"data:image\/svg+xml,%3Csvg%20xmlns%3D&#039;http%3A%2F%2Fwww.w3.org%2F2000%2Fsvg&#039;%20viewBox%3D&#039;0%200%201500%201000&#039;%2F%3E\" class=\"attachment-full size-full preload-me aspect lazy lazy-load\" alt=\"diversos mercados financieros planificados\" style=\"--ratio: 1500 \/ 1000;\" data-src=\"https:\/\/sauronconsulting.es\/wp-content\/uploads\/2020\/02\/trucos-planificacion-financiera.webp\" loading=\"eager\" \/><span class=\"the7-hover-icon\"><\/span><\/a>\t\t\t\t\t\t\t\t\t<\/div>\n\t\t\t\t\t\t\t\t\t\t\t\t\t\t\t\t<div class=\"post-entry-content\">\n\t\t\t\t\t\t\t\t\t<h5 class=\"heading\"><a href=\"https:\/\/sauronconsulting.es\/ca\/els-6-millors-trucs-de-planificacio-financera\/\" rel=\"bookmark\" title=\"Els 6 millors trucs de planificaci\u00f3 financera\" class=\"post-title\">Els 6 millors trucs de planificaci\u00f3 financera<\/a><\/h5><div class=\"entry-meta\"><a href=\"https:\/\/sauronconsulting.es\/ca\/2024\/01\/18\/\" title=\"5:36\" class=\"meta-item data-link\" rel=\"bookmark\"><time class=\"entry-date updated\" datetime=\"2024-01-18T05:36:17+01:00\">18 de gener de 2024<\/time><\/a><\/div><a href=\"https:\/\/sauronconsulting.es\/ca\/els-6-millors-trucs-de-planificacio-financera\/\" target=\"\" aria-label=\"Read more about Els 6 millors trucs de planificaci\u00f3 financera\" class=\"box-button elementor-button elementor-size-sm\">Llegir article<\/a>\t\t\t\t\t\t\t\t<\/div>\n\t\t\t\t\t\t\t<\/div>\n\t\t\t\t\t\t<\/article>\n\t\t\t\t\t<\/div>\t\t\t\t\t\t\t\t\t\t<div class=\"wf-cell visible \">\n\t\t\t\t\t\t<article class=\"post visible wrapper post-5480 type-post status-publish format-standard has-post-thumbnail hentry category-uncategorized-ca\">\n\n\t\t\t\t\t\t\t<div class=\"post-content-wrapper\">\n\t\t\t\t\t\t\t\t\t\t\t\t\t\t\t\t\t<div class=\"the7-simple-post-thumb\">\n\t\t\t\t\t\t\t\t\t\t<a class=\"post-thumbnail-rollover layzr-bg img-css-resize-wrapper\" aria-label=\"Post image\" href=\"https:\/\/sauronconsulting.es\/ca\/la-importancia-de-planificar-adequadament-la-successio\/\"><img decoding=\"async\" width=\"1500\" height=\"1000\" src=\"data:image\/svg+xml,%3Csvg%20xmlns%3D&#039;http%3A%2F%2Fwww.w3.org%2F2000%2Fsvg&#039;%20viewBox%3D&#039;0%200%201500%201000&#039;%2F%3E\" class=\"attachment-full size-full preload-me aspect lazy lazy-load\" alt=\"alternativas inversi\u00f3n herencias sucesiones\" style=\"--ratio: 1500 \/ 1000;\" data-src=\"https:\/\/sauronconsulting.es\/wp-content\/uploads\/2020\/02\/planificar-sucesion.webp\" loading=\"eager\" \/><span class=\"the7-hover-icon\"><\/span><\/a>\t\t\t\t\t\t\t\t\t<\/div>\n\t\t\t\t\t\t\t\t\t\t\t\t\t\t\t\t<div class=\"post-entry-content\">\n\t\t\t\t\t\t\t\t\t<h5 class=\"heading\"><a href=\"https:\/\/sauronconsulting.es\/ca\/la-importancia-de-planificar-adequadament-la-successio\/\" rel=\"bookmark\" title=\"La import\u00e0ncia de planificar adequadament la successi\u00f3\" class=\"post-title\">La import\u00e0ncia de planificar adequadament la successi\u00f3<\/a><\/h5><div class=\"entry-meta\"><a href=\"https:\/\/sauronconsulting.es\/ca\/2024\/01\/16\/\" title=\"5:35\" class=\"meta-item data-link\" rel=\"bookmark\"><time class=\"entry-date updated\" datetime=\"2024-01-16T05:35:00+01:00\">16 de gener de 2024<\/time><\/a><\/div><a href=\"https:\/\/sauronconsulting.es\/ca\/la-importancia-de-planificar-adequadament-la-successio\/\" target=\"\" aria-label=\"Read more about La import\u00e0ncia de planificar adequadament la successi\u00f3\" class=\"box-button elementor-button elementor-size-sm\">Llegir article<\/a>\t\t\t\t\t\t\t\t<\/div>\n\t\t\t\t\t\t\t<\/div>\n\t\t\t\t\t\t<\/article>\n\t\t\t\t\t<\/div>\t\t\t\t\t\t\t\t<\/div>\n\t\t<\/div>\t\t\t\t<\/div>\n\t\t\t\t<\/div>\n\t\t\t\t\t<\/div>\n\t\t<\/div>\n\t\t\t\t\t<\/div>\n\t\t<\/section>\n\t\t\t\t<\/div>\n\t\t","protected":false},"excerpt":{"rendered":"<p>C\u00f3mo encontrar a su asesor empresarial ideal 18\/01\/2024Llegir article Los 6 mejores trucos de planificaci\u00f3n financiera 18\/01\/2024Llegir article La importancia de planificar adecuadamente la sucesi\u00f3n 16\/01\/2024Llegir article<\/p>\n","protected":false},"author":1,"featured_media":4702,"parent":0,"menu_order":7,"comment_status":"closed","ping_status":"closed","template":"","meta":{"footnotes":""},"class_list":["post-5453","page","type-page","status-publish","has-post-thumbnail","hentry"],"yoast_head":"<!-- This site is optimized with the Yoast SEO plugin v27.5 - https:\/\/yoast.com\/product\/yoast-seo-wordpress\/ -->\n<title>Articles - SauronConsulting<\/title>\n<meta name=\"description\" content=\"bloc amb articles d&#039;inter\u00e8s en l&#039;\u00e0mbit de l&#039;assessoria i la gestoria integral per a empreses i particulars a la ciutat e Barcelona\" \/>\n<meta name=\"robots\" content=\"index, follow, max-snippet:-1, max-image-preview:large, max-video-preview:-1\" \/>\n<link rel=\"canonical\" href=\"https:\/\/sauronconsulting.es\/ca\/articles\/\" \/>\n<meta property=\"og:locale\" content=\"ca_ES\" \/>\n<meta property=\"og:type\" content=\"article\" \/>\n<meta property=\"og:title\" content=\"Articles - SauronConsulting\" \/>\n<meta property=\"og:description\" content=\"bloc amb articles d&#039;inter\u00e8s en l&#039;\u00e0mbit de l&#039;assessoria i la gestoria integral per a empreses i particulars a la ciutat e Barcelona\" \/>\n<meta property=\"og:url\" content=\"https:\/\/sauronconsulting.es\/ca\/articles\/\" \/>\n<meta property=\"og:site_name\" content=\"SauronConsulting\" \/>\n<meta property=\"article:modified_time\" content=\"2024-02-09T23:43:52+00:00\" \/>\n<meta property=\"og:image\" content=\"https:\/\/sauronconsulting.es\/wp-content\/uploads\/2020\/02\/planificar-sucesion.webp\" \/>\n\t<meta property=\"og:image:width\" content=\"1500\" \/>\n\t<meta property=\"og:image:height\" content=\"1000\" \/>\n\t<meta property=\"og:image:type\" content=\"image\/jpeg\" \/>\n<meta name=\"twitter:card\" content=\"summary_large_image\" \/>\n<script type=\"application\/ld+json\" class=\"yoast-schema-graph\">{\"@context\":\"https:\\\/\\\/schema.org\",\"@graph\":[{\"@type\":\"WebPage\",\"@id\":\"https:\\\/\\\/sauronconsulting.es\\\/ca\\\/articles\\\/\",\"url\":\"https:\\\/\\\/sauronconsulting.es\\\/ca\\\/articles\\\/\",\"name\":\"Articles - SauronConsulting\",\"isPartOf\":{\"@id\":\"https:\\\/\\\/sauronconsulting.es\\\/ca\\\/#website\"},\"primaryImageOfPage\":{\"@id\":\"https:\\\/\\\/sauronconsulting.es\\\/ca\\\/articles\\\/#primaryimage\"},\"image\":{\"@id\":\"https:\\\/\\\/sauronconsulting.es\\\/ca\\\/articles\\\/#primaryimage\"},\"thumbnailUrl\":\"https:\\\/\\\/sauronconsulting.es\\\/wp-content\\\/uploads\\\/2020\\\/02\\\/planificar-sucesion.webp\",\"datePublished\":\"2024-01-17T17:10:36+00:00\",\"dateModified\":\"2024-02-09T23:43:52+00:00\",\"description\":\"bloc amb articles d'inter\u00e8s en l'\u00e0mbit de l'assessoria i la gestoria integral per a empreses i particulars a la ciutat e Barcelona\",\"breadcrumb\":{\"@id\":\"https:\\\/\\\/sauronconsulting.es\\\/ca\\\/articles\\\/#breadcrumb\"},\"inLanguage\":\"ca\",\"potentialAction\":[{\"@type\":\"ReadAction\",\"target\":[\"https:\\\/\\\/sauronconsulting.es\\\/ca\\\/articles\\\/\"]}]},{\"@type\":\"ImageObject\",\"inLanguage\":\"ca\",\"@id\":\"https:\\\/\\\/sauronconsulting.es\\\/ca\\\/articles\\\/#primaryimage\",\"url\":\"https:\\\/\\\/sauronconsulting.es\\\/wp-content\\\/uploads\\\/2020\\\/02\\\/planificar-sucesion.webp\",\"contentUrl\":\"https:\\\/\\\/sauronconsulting.es\\\/wp-content\\\/uploads\\\/2020\\\/02\\\/planificar-sucesion.webp\",\"width\":1500,\"height\":1000,\"caption\":\"alternativas inversi\u00f3n herencias sucesiones\"},{\"@type\":\"BreadcrumbList\",\"@id\":\"https:\\\/\\\/sauronconsulting.es\\\/ca\\\/articles\\\/#breadcrumb\",\"itemListElement\":[{\"@type\":\"ListItem\",\"position\":1,\"name\":\"Inicio\",\"item\":\"https:\\\/\\\/sauronconsulting.es\\\/ca\\\/\"},{\"@type\":\"ListItem\",\"position\":2,\"name\":\"Articles\"}]},{\"@type\":\"WebSite\",\"@id\":\"https:\\\/\\\/sauronconsulting.es\\\/ca\\\/#website\",\"url\":\"https:\\\/\\\/sauronconsulting.es\\\/ca\\\/\",\"name\":\"Sauron Consulting | Asesor\u00eda y gesti\u00f3n de herencias en Barcelona\",\"description\":\"Consultor\u00eda\",\"publisher\":{\"@id\":\"https:\\\/\\\/sauronconsulting.es\\\/ca\\\/#organization\"},\"potentialAction\":[{\"@type\":\"SearchAction\",\"target\":{\"@type\":\"EntryPoint\",\"urlTemplate\":\"https:\\\/\\\/sauronconsulting.es\\\/ca\\\/?s={search_term_string}\"},\"query-input\":{\"@type\":\"PropertyValueSpecification\",\"valueRequired\":true,\"valueName\":\"search_term_string\"}}],\"inLanguage\":\"ca\"},{\"@type\":\"Organization\",\"@id\":\"https:\\\/\\\/sauronconsulting.es\\\/ca\\\/#organization\",\"name\":\"Sauron Consulting\",\"url\":\"https:\\\/\\\/sauronconsulting.es\\\/ca\\\/\",\"logo\":{\"@type\":\"ImageObject\",\"inLanguage\":\"ca\",\"@id\":\"https:\\\/\\\/sauronconsulting.es\\\/ca\\\/#\\\/schema\\\/logo\\\/image\\\/\",\"url\":\"https:\\\/\\\/sauronconsulting.es\\\/wp-content\\\/uploads\\\/2024\\\/01\\\/S_C_logo2.webp\",\"contentUrl\":\"https:\\\/\\\/sauronconsulting.es\\\/wp-content\\\/uploads\\\/2024\\\/01\\\/S_C_logo2.webp\",\"width\":1748,\"height\":1240,\"caption\":\"Sauron Consulting\"},\"image\":{\"@id\":\"https:\\\/\\\/sauronconsulting.es\\\/ca\\\/#\\\/schema\\\/logo\\\/image\\\/\"},\"sameAs\":[\"https:\\\/\\\/www.linkedin.com\\\/company\\\/sauron-consulting\"]}]}<\/script>\n<!-- \/ Yoast SEO plugin. -->","yoast_head_json":{"title":"Articles - SauronConsulting","description":"bloc amb articles d'inter\u00e8s en l'\u00e0mbit de l'assessoria i la gestoria integral per a empreses i particulars a la ciutat e Barcelona","robots":{"index":"index","follow":"follow","max-snippet":"max-snippet:-1","max-image-preview":"max-image-preview:large","max-video-preview":"max-video-preview:-1"},"canonical":"https:\/\/sauronconsulting.es\/ca\/articles\/","og_locale":"ca_ES","og_type":"article","og_title":"Articles - SauronConsulting","og_description":"bloc amb articles d'inter\u00e8s en l'\u00e0mbit de l'assessoria i la gestoria integral per a empreses i particulars a la ciutat e Barcelona","og_url":"https:\/\/sauronconsulting.es\/ca\/articles\/","og_site_name":"SauronConsulting","article_modified_time":"2024-02-09T23:43:52+00:00","og_image":[{"width":1500,"height":1000,"url":"https:\/\/sauronconsulting.es\/wp-content\/uploads\/2020\/02\/planificar-sucesion.webp","type":"image\/jpeg"}],"twitter_card":"summary_large_image","schema":{"@context":"https:\/\/schema.org","@graph":[{"@type":"WebPage","@id":"https:\/\/sauronconsulting.es\/ca\/articles\/","url":"https:\/\/sauronconsulting.es\/ca\/articles\/","name":"Articles - SauronConsulting","isPartOf":{"@id":"https:\/\/sauronconsulting.es\/ca\/#website"},"primaryImageOfPage":{"@id":"https:\/\/sauronconsulting.es\/ca\/articles\/#primaryimage"},"image":{"@id":"https:\/\/sauronconsulting.es\/ca\/articles\/#primaryimage"},"thumbnailUrl":"https:\/\/sauronconsulting.es\/wp-content\/uploads\/2020\/02\/planificar-sucesion.webp","datePublished":"2024-01-17T17:10:36+00:00","dateModified":"2024-02-09T23:43:52+00:00","description":"bloc amb articles d'inter\u00e8s en l'\u00e0mbit de l'assessoria i la gestoria integral per a empreses i particulars a la ciutat e Barcelona","breadcrumb":{"@id":"https:\/\/sauronconsulting.es\/ca\/articles\/#breadcrumb"},"inLanguage":"ca","potentialAction":[{"@type":"ReadAction","target":["https:\/\/sauronconsulting.es\/ca\/articles\/"]}]},{"@type":"ImageObject","inLanguage":"ca","@id":"https:\/\/sauronconsulting.es\/ca\/articles\/#primaryimage","url":"https:\/\/sauronconsulting.es\/wp-content\/uploads\/2020\/02\/planificar-sucesion.webp","contentUrl":"https:\/\/sauronconsulting.es\/wp-content\/uploads\/2020\/02\/planificar-sucesion.webp","width":1500,"height":1000,"caption":"alternativas inversi\u00f3n herencias sucesiones"},{"@type":"BreadcrumbList","@id":"https:\/\/sauronconsulting.es\/ca\/articles\/#breadcrumb","itemListElement":[{"@type":"ListItem","position":1,"name":"Inicio","item":"https:\/\/sauronconsulting.es\/ca\/"},{"@type":"ListItem","position":2,"name":"Articles"}]},{"@type":"WebSite","@id":"https:\/\/sauronconsulting.es\/ca\/#website","url":"https:\/\/sauronconsulting.es\/ca\/","name":"Sauron Consulting | Asesor\u00eda y gesti\u00f3n de herencias en Barcelona","description":"Consultor\u00eda","publisher":{"@id":"https:\/\/sauronconsulting.es\/ca\/#organization"},"potentialAction":[{"@type":"SearchAction","target":{"@type":"EntryPoint","urlTemplate":"https:\/\/sauronconsulting.es\/ca\/?s={search_term_string}"},"query-input":{"@type":"PropertyValueSpecification","valueRequired":true,"valueName":"search_term_string"}}],"inLanguage":"ca"},{"@type":"Organization","@id":"https:\/\/sauronconsulting.es\/ca\/#organization","name":"Sauron Consulting","url":"https:\/\/sauronconsulting.es\/ca\/","logo":{"@type":"ImageObject","inLanguage":"ca","@id":"https:\/\/sauronconsulting.es\/ca\/#\/schema\/logo\/image\/","url":"https:\/\/sauronconsulting.es\/wp-content\/uploads\/2024\/01\/S_C_logo2.webp","contentUrl":"https:\/\/sauronconsulting.es\/wp-content\/uploads\/2024\/01\/S_C_logo2.webp","width":1748,"height":1240,"caption":"Sauron Consulting"},"image":{"@id":"https:\/\/sauronconsulting.es\/ca\/#\/schema\/logo\/image\/"},"sameAs":["https:\/\/www.linkedin.com\/company\/sauron-consulting"]}]}},"_links":{"self":[{"href":"https:\/\/sauronconsulting.es\/ca\/wp-json\/wp\/v2\/pages\/5453","targetHints":{"allow":["GET"]}}],"collection":[{"href":"https:\/\/sauronconsulting.es\/ca\/wp-json\/wp\/v2\/pages"}],"about":[{"href":"https:\/\/sauronconsulting.es\/ca\/wp-json\/wp\/v2\/types\/page"}],"author":[{"embeddable":true,"href":"https:\/\/sauronconsulting.es\/ca\/wp-json\/wp\/v2\/users\/1"}],"replies":[{"embeddable":true,"href":"https:\/\/sauronconsulting.es\/ca\/wp-json\/wp\/v2\/comments?post=5453"}],"version-history":[{"count":11,"href":"https:\/\/sauronconsulting.es\/ca\/wp-json\/wp\/v2\/pages\/5453\/revisions"}],"predecessor-version":[{"id":6137,"href":"https:\/\/sauronconsulting.es\/ca\/wp-json\/wp\/v2\/pages\/5453\/revisions\/6137"}],"wp:featuredmedia":[{"embeddable":true,"href":"https:\/\/sauronconsulting.es\/ca\/wp-json\/wp\/v2\/media\/4702"}],"wp:attachment":[{"href":"https:\/\/sauronconsulting.es\/ca\/wp-json\/wp\/v2\/media?parent=5453"}],"curies":[{"name":"wp","href":"https:\/\/api.w.org\/{rel}","templated":true}]}}