{"id":5458,"date":"2024-01-17T18:09:59","date_gmt":"2024-01-17T17:09:59","guid":{"rendered":"https:\/\/sauronconsulting.es\/contacte\/"},"modified":"2024-02-09T23:57:10","modified_gmt":"2024-02-09T22:57:10","slug":"contacte","status":"publish","type":"page","link":"https:\/\/sauronconsulting.es\/ca\/contacte\/","title":{"rendered":"Contacte"},"content":{"rendered":"\t\t<div data-elementor-type=\"wp-page\" data-elementor-id=\"5458\" class=\"elementor elementor-5458 elementor-1644\" data-elementor-post-type=\"page\">\n\t\t\t\t<div class=\"elementor-element elementor-element-b8bb2a5 e-flex e-con-boxed e-con e-parent\" data-id=\"b8bb2a5\" data-element_type=\"container\" data-e-type=\"container\">\n\t\t\t\t\t<div class=\"e-con-inner\">\n\t\t\t\t<div class=\"elementor-element elementor-element-3e4d25a elementor-widget elementor-widget-breadcrumbs\" data-id=\"3e4d25a\" data-element_type=\"widget\" data-e-type=\"widget\" data-widget_type=\"breadcrumbs.default\">\n\t\t\t\t<div class=\"elementor-widget-container\">\n\t\t\t\t\t<p id=\"breadcrumbs\"><span><span><a href=\"https:\/\/sauronconsulting.es\/ca\/\">Inicio<\/a><\/span><\/span><\/p>\t\t\t\t<\/div>\n\t\t\t\t<\/div>\n\t\t\t\t\t<\/div>\n\t\t\t\t<\/div>\n\t\t\t\t<section class=\"elementor-section elementor-top-section elementor-element elementor-element-bf186f8 elementor-section-boxed elementor-section-height-default elementor-section-height-default\" data-id=\"bf186f8\" data-element_type=\"section\" data-e-type=\"section\" data-settings=\"{&quot;background_background&quot;:&quot;classic&quot;}\">\n\t\t\t\t\t\t<div class=\"elementor-container elementor-column-gap-wider\">\n\t\t\t\t\t<div class=\"elementor-column elementor-col-50 elementor-top-column elementor-element elementor-element-a203ed8\" data-id=\"a203ed8\" data-element_type=\"column\" data-e-type=\"column\">\n\t\t\t<div class=\"elementor-widget-wrap elementor-element-populated\">\n\t\t\t\t\t\t<div class=\"elementor-element elementor-element-bd2b554 elementor-widget elementor-widget-heading\" data-id=\"bd2b554\" data-element_type=\"widget\" data-e-type=\"widget\" data-widget_type=\"heading.default\">\n\t\t\t\t<div class=\"elementor-widget-container\">\n\t\t\t\t\t<h3 class=\"elementor-heading-title elementor-size-default\">Preguntins, som aqu\u00ed per ajudar-li!<\/h3>\t\t\t\t<\/div>\n\t\t\t\t<\/div>\n\t\t\t\t<div class=\"elementor-element elementor-element-cfc47da elementor-widget elementor-widget-spacer\" data-id=\"cfc47da\" data-element_type=\"widget\" data-e-type=\"widget\" data-widget_type=\"spacer.default\">\n\t\t\t\t<div class=\"elementor-widget-container\">\n\t\t\t\t\t\t\t<div class=\"elementor-spacer\">\n\t\t\t<div class=\"elementor-spacer-inner\"><\/div>\n\t\t<\/div>\n\t\t\t\t\t\t<\/div>\n\t\t\t\t<\/div>\n\t\t\t\t<div class=\"elementor-element elementor-element-c1dd575 elementor-widget elementor-widget-shortcode\" data-id=\"c1dd575\" data-element_type=\"widget\" data-e-type=\"widget\" data-widget_type=\"shortcode.default\">\n\t\t\t\t<div class=\"elementor-widget-container\">\n\t\t\t\t\t\t\t<div class=\"elementor-shortcode\"><p class=\"wpcf7-contact-form-not-found\"><strong>Error:<\/strong> No s&#039;ha trobat el formulari de contacte.<\/p><\/div>\n\t\t\t\t\t\t<\/div>\n\t\t\t\t<\/div>\n\t\t\t\t\t<\/div>\n\t\t<\/div>\n\t\t\t\t<div class=\"elementor-column elementor-col-50 elementor-top-column elementor-element elementor-element-f6e978c\" data-id=\"f6e978c\" data-element_type=\"column\" data-e-type=\"column\">\n\t\t\t<div class=\"elementor-widget-wrap elementor-element-populated\">\n\t\t\t\t\t\t<div class=\"elementor-element elementor-element-971a336 icon-position-mobile-top icon-position-top content-align-left icon-box-vertical-align-top icon-vertical-align-start elementor-widget elementor-widget-the7_icon_box_widget\" data-id=\"971a336\" data-element_type=\"widget\" data-e-type=\"widget\" data-widget_type=\"the7_icon_box_widget.default\">\n\t\t\t\t<div class=\"elementor-widget-container\">\n\t\t\t\t\t\n\t\t<div class=\"the7-box-wrapper the7-elementor-widget the7_icon_box_widget-971a336\">\t\t\t<div class=\"box-content-wrapper\">\n\t\t\t\t\t\t\t\t\t<a class=\"elementor-icon-div\" href=\"tel:+34933513682\">\t\t\t\t\t\t<div class=\"elementor-icon\">\n\t\t\t\t\t\t\t<svg aria-hidden=\"true\" class=\"e-font-icon-svg e-fas-phone-alt\" viewBox=\"0 0 512 512\" xmlns=\"http:\/\/www.w3.org\/2000\/svg\"><path d=\"M497.39 361.8l-112-48a24 24 0 0 0-28 6.9l-49.6 60.6A370.66 370.66 0 0 1 130.6 204.11l60.6-49.6a23.94 23.94 0 0 0 6.9-28l-48-112A24.16 24.16 0 0 0 122.6.61l-104 24A24 24 0 0 0 0 48c0 256.5 207.9 464 464 464a24 24 0 0 0 23.4-18.6l24-104a24.29 24.29 0 0 0-14.01-27.6z\"><\/path><\/svg>\t\t\t\t\t\t<\/div>\n\t\t\t\t\t<\/a>\t\t\t\t\t\t\t\t<div class=\"box-content\">\n\t\t\t\t\t\t\t\t\t\t\t\t\t\t\t\t\t<h4 class=\"box-heading\">\n\t\t\t\t\t\t\t<a href=\"tel:+34933513682\">\t\t\t\t\t\t\t\t933 51 36 82\t\t\t\t\t\t\t<\/a>\t\t\t\t\t\t<\/h4>\n\t\t\t\t\t\t\t\t\t\t\t\t\t\t\t\t<div class=\"box-description\"><p>Atenci\u00f3 al client<br>Dill-Div: 9:00h \u2013 14:00h<span style=\"color: var(--the7-base-color); font-family: var( --e-global-typography-el_content_2-font-family ), Sans-serif; font-size: var( --e-global-typography-el_content_2-font-size ); font-style: var( --e-global-typography-el_content_2-font-style ); font-weight: var( --e-global-typography-el_content_2-font-weight ); text-transform: var( --e-global-typography-el_content_2-text-transform ); word-spacing: normal;\"><\/span><\/p>\n<p>Tardes cites a convenir<\/p><\/div>\n\t\t\t\t\t\n\t\t\t\t\t\n\t\t\t\t<\/div>\n\t\t\t<\/div>\n\t\t<\/div>\t\t\t\t\t<\/div>\n\t\t\t\t<\/div>\n\t\t\t\t<div class=\"elementor-element elementor-element-243b4dd elementor-widget elementor-widget-spacer\" data-id=\"243b4dd\" data-element_type=\"widget\" data-e-type=\"widget\" data-widget_type=\"spacer.default\">\n\t\t\t\t<div class=\"elementor-widget-container\">\n\t\t\t\t\t\t\t<div class=\"elementor-spacer\">\n\t\t\t<div class=\"elementor-spacer-inner\"><\/div>\n\t\t<\/div>\n\t\t\t\t\t\t<\/div>\n\t\t\t\t<\/div>\n\t\t\t\t<div class=\"elementor-element elementor-element-e3dcf1a icon-position-mobile-top icon-position-top content-align-left icon-box-vertical-align-top icon-vertical-align-start elementor-widget elementor-widget-the7_icon_box_widget\" data-id=\"e3dcf1a\" data-element_type=\"widget\" data-e-type=\"widget\" data-widget_type=\"the7_icon_box_widget.default\">\n\t\t\t\t<div class=\"elementor-widget-container\">\n\t\t\t\t\t\n\t\t<div class=\"the7-box-wrapper the7-elementor-widget the7_icon_box_widget-e3dcf1a\">\t\t\t<div class=\"box-content-wrapper\">\n\t\t\t\t\t\t\t\t\t<a class=\"elementor-icon-div\" href=\"mailto:agarcia@sauronconsulting.es\">\t\t\t\t\t\t<div class=\"elementor-icon\">\n\t\t\t\t\t\t\t<svg aria-hidden=\"true\" class=\"e-font-icon-svg e-fas-envelope\" viewBox=\"0 0 512 512\" xmlns=\"http:\/\/www.w3.org\/2000\/svg\"><path d=\"M502.3 190.8c3.9-3.1 9.7-.2 9.7 4.7V400c0 26.5-21.5 48-48 48H48c-26.5 0-48-21.5-48-48V195.6c0-5 5.7-7.8 9.7-4.7 22.4 17.4 52.1 39.5 154.1 113.6 21.1 15.4 56.7 47.8 92.2 47.6 35.7.3 72-32.8 92.3-47.6 102-74.1 131.6-96.3 154-113.7zM256 320c23.2.4 56.6-29.2 73.4-41.4 132.7-96.3 142.8-104.7 173.4-128.7 5.8-4.5 9.2-11.5 9.2-18.9v-19c0-26.5-21.5-48-48-48H48C21.5 64 0 85.5 0 112v19c0 7.4 3.4 14.3 9.2 18.9 30.6 23.9 40.7 32.4 173.4 128.7 16.8 12.2 50.2 41.8 73.4 41.4z\"><\/path><\/svg>\t\t\t\t\t\t<\/div>\n\t\t\t\t\t<\/a>\t\t\t\t\t\t\t\t<div class=\"box-content\">\n\t\t\t\t\t\t\t\t\t\t\t\t\t\t\t\t\t<h4 class=\"box-heading\">\n\t\t\t\t\t\t\t<a href=\"mailto:agarcia@sauronconsulting.es\">\t\t\t\t\t\t\t\tagarcia@sauronconsulting.es\t\t\t\t\t\t\t<\/a>\t\t\t\t\t\t<\/h4>\n\t\t\t\t\t\t\t\t\t\t\t\t\t\t\t\t<div class=\"box-description\"><p>suport continu a clients<br>per a dubtes generals<\/p><\/div>\n\t\t\t\t\t\n\t\t\t\t\t\n\t\t\t\t<\/div>\n\t\t\t<\/div>\n\t\t<\/div>\t\t\t\t\t<\/div>\n\t\t\t\t<\/div>\n\t\t\t\t<div class=\"elementor-element elementor-element-6a7a607 elementor-widget elementor-widget-spacer\" data-id=\"6a7a607\" data-element_type=\"widget\" data-e-type=\"widget\" data-widget_type=\"spacer.default\">\n\t\t\t\t<div class=\"elementor-widget-container\">\n\t\t\t\t\t\t\t<div class=\"elementor-spacer\">\n\t\t\t<div class=\"elementor-spacer-inner\"><\/div>\n\t\t<\/div>\n\t\t\t\t\t\t<\/div>\n\t\t\t\t<\/div>\n\t\t\t\t<div class=\"elementor-element elementor-element-a74dee1 icon-position-mobile-top icon-position-top content-align-left icon-box-vertical-align-top icon-vertical-align-start elementor-widget elementor-widget-the7_icon_box_widget\" data-id=\"a74dee1\" data-element_type=\"widget\" data-e-type=\"widget\" data-widget_type=\"the7_icon_box_widget.default\">\n\t\t\t\t<div class=\"elementor-widget-container\">\n\t\t\t\t\t\n\t\t<div class=\"the7-box-wrapper the7-elementor-widget the7_icon_box_widget-a74dee1\">\t\t\t<div class=\"box-content-wrapper\">\n\t\t\t\t\t\t\t\t\t<a class=\"elementor-icon-div\" >\t\t\t\t\t\t<div class=\"elementor-icon\">\n\t\t\t\t\t\t\t<svg aria-hidden=\"true\" class=\"e-font-icon-svg e-fas-map-marked-alt\" viewBox=\"0 0 576 512\" xmlns=\"http:\/\/www.w3.org\/2000\/svg\"><path d=\"M288 0c-69.59 0-126 56.41-126 126 0 56.26 82.35 158.8 113.9 196.02 6.39 7.54 17.82 7.54 24.2 0C331.65 284.8 414 182.26 414 126 414 56.41 357.59 0 288 0zm0 168c-23.2 0-42-18.8-42-42s18.8-42 42-42 42 18.8 42 42-18.8 42-42 42zM20.12 215.95A32.006 32.006 0 0 0 0 245.66v250.32c0 11.32 11.43 19.06 21.94 14.86L160 448V214.92c-8.84-15.98-16.07-31.54-21.25-46.42L20.12 215.95zM288 359.67c-14.07 0-27.38-6.18-36.51-16.96-19.66-23.2-40.57-49.62-59.49-76.72v182l192 64V266c-18.92 27.09-39.82 53.52-59.49 76.72-9.13 10.77-22.44 16.95-36.51 16.95zm266.06-198.51L416 224v288l139.88-55.95A31.996 31.996 0 0 0 576 426.34V176.02c0-11.32-11.43-19.06-21.94-14.86z\"><\/path><\/svg>\t\t\t\t\t\t<\/div>\n\t\t\t\t\t<\/a>\t\t\t\t\t\t\t\t<div class=\"box-content\">\n\t\t\t\t\t\t\t\t\t\t\t\t\t\t\t\t\t<h4 class=\"box-heading\">\n\t\t\t\t\t\t\t<a >\t\t\t\t\t\t\t\t Pla\u00e7a Virrei amat, 11 - EN-2, 08016, Barcelona\t\t\t\t\t\t\t<\/a>\t\t\t\t\t\t<\/h4>\n\t\t\t\t\t\t\t\t\t\t\t\t\t\t\t\t<div class=\"box-description\"><p>Oficina principal<\/p><\/div>\n\t\t\t\t\t\n\t\t\t\t\t\n\t\t\t\t<\/div>\n\t\t\t<\/div>\n\t\t<\/div>\t\t\t\t\t<\/div>\n\t\t\t\t<\/div>\n\t\t\t\t<div class=\"elementor-element elementor-element-8d2c22e elementor-widget elementor-widget-spacer\" data-id=\"8d2c22e\" data-element_type=\"widget\" data-e-type=\"widget\" data-widget_type=\"spacer.default\">\n\t\t\t\t<div class=\"elementor-widget-container\">\n\t\t\t\t\t\t\t<div class=\"elementor-spacer\">\n\t\t\t<div class=\"elementor-spacer-inner\"><\/div>\n\t\t<\/div>\n\t\t\t\t\t\t<\/div>\n\t\t\t\t<\/div>\n\t\t\t\t<div class=\"elementor-element elementor-element-3bdd6d2 elementor-widget elementor-widget-heading\" data-id=\"3bdd6d2\" data-element_type=\"widget\" data-e-type=\"widget\" data-widget_type=\"heading.default\">\n\t\t\t\t<div class=\"elementor-widget-container\">\n\t\t\t\t\t<h3 class=\"elementor-heading-title elementor-size-default\">On trobar-nos<\/h3>\t\t\t\t<\/div>\n\t\t\t\t<\/div>\n\t\t\t\t<div class=\"elementor-element elementor-element-2314de7 elementor-widget elementor-widget-google_maps\" data-id=\"2314de7\" data-element_type=\"widget\" data-e-type=\"widget\" data-widget_type=\"google_maps.default\">\n\t\t\t\t<div class=\"elementor-widget-container\">\n\t\t\t\t\t\t\t<div class=\"elementor-custom-embed\">\n\t\t\t<iframe loading=\"lazy\"\n\t\t\t\t\tsrc=\"https:\/\/maps.google.com\/maps?q=Plaza%20Virrey%20Amat%2C%2011&#038;t=m&#038;z=15&#038;output=embed&#038;iwloc=near\"\n\t\t\t\t\ttitle=\"Plaza Virrey Amat, 11\"\n\t\t\t\t\taria-label=\"Plaza Virrey Amat, 11\"\n\t\t\t><\/iframe>\n\t\t<\/div>\n\t\t\t\t\t\t<\/div>\n\t\t\t\t<\/div>\n\t\t\t\t\t<\/div>\n\t\t<\/div>\n\t\t\t\t\t<\/div>\n\t\t<\/section>\n\t\t\t\t<\/div>\n\t\t","protected":false},"excerpt":{"rendered":"<p>Preguntins, som aqu\u00ed per ajudar-li! 933 51 36 82 Atenci\u00f3 al clientDill-Div: 9:00h \u2013 14:00h Tardes cites a convenir agarcia@sauronconsulting.es suport continu a clientsper a dubtes generals Pla\u00e7a Virrei amat, 11 &#8211; EN-2, 08016, Barcelona Oficina principal On trobar-nos<\/p>\n","protected":false},"author":1,"featured_media":4701,"parent":0,"menu_order":8,"comment_status":"closed","ping_status":"closed","template":"","meta":{"footnotes":""},"class_list":["post-5458","page","type-page","status-publish","has-post-thumbnail","hentry"],"yoast_head":"<!-- This site is optimized with the Yoast SEO plugin v27.5 - https:\/\/yoast.com\/product\/yoast-seo-wordpress\/ -->\n<title>Contacte - SauronConsulting<\/title>\n<meta name=\"description\" content=\"formulari contacte i ajuda per a dubtes amb respostes sobre assessoria comptable, fiscal, laboral i successions per a clients a Barcelona\" \/>\n<meta name=\"robots\" content=\"index, follow, max-snippet:-1, max-image-preview:large, max-video-preview:-1\" \/>\n<link rel=\"canonical\" href=\"https:\/\/sauronconsulting.es\/ca\/contacte\/\" \/>\n<meta property=\"og:locale\" content=\"ca_ES\" \/>\n<meta property=\"og:type\" content=\"article\" \/>\n<meta property=\"og:title\" content=\"Contacte - SauronConsulting\" \/>\n<meta property=\"og:description\" content=\"formulari contacte i ajuda per a dubtes amb respostes sobre assessoria comptable, fiscal, laboral i successions per a clients a Barcelona\" \/>\n<meta property=\"og:url\" content=\"https:\/\/sauronconsulting.es\/ca\/contacte\/\" \/>\n<meta property=\"og:site_name\" content=\"SauronConsulting\" \/>\n<meta property=\"article:modified_time\" content=\"2024-02-09T22:57:10+00:00\" \/>\n<meta property=\"og:image\" content=\"https:\/\/sauronconsulting.es\/wp-content\/uploads\/2020\/02\/asesoria-contable.webp\" \/>\n\t<meta property=\"og:image:width\" content=\"1500\" \/>\n\t<meta property=\"og:image:height\" content=\"1000\" \/>\n\t<meta property=\"og:image:type\" content=\"image\/jpeg\" \/>\n<meta name=\"twitter:card\" content=\"summary_large_image\" \/>\n<script type=\"application\/ld+json\" class=\"yoast-schema-graph\">{\"@context\":\"https:\\\/\\\/schema.org\",\"@graph\":[{\"@type\":\"WebPage\",\"@id\":\"https:\\\/\\\/sauronconsulting.es\\\/ca\\\/contacte\\\/\",\"url\":\"https:\\\/\\\/sauronconsulting.es\\\/ca\\\/contacte\\\/\",\"name\":\"Contacte - SauronConsulting\",\"isPartOf\":{\"@id\":\"https:\\\/\\\/sauronconsulting.es\\\/ca\\\/#website\"},\"primaryImageOfPage\":{\"@id\":\"https:\\\/\\\/sauronconsulting.es\\\/ca\\\/contacte\\\/#primaryimage\"},\"image\":{\"@id\":\"https:\\\/\\\/sauronconsulting.es\\\/ca\\\/contacte\\\/#primaryimage\"},\"thumbnailUrl\":\"https:\\\/\\\/sauronconsulting.es\\\/wp-content\\\/uploads\\\/2020\\\/02\\\/asesoria-contable.webp\",\"datePublished\":\"2024-01-17T17:09:59+00:00\",\"dateModified\":\"2024-02-09T22:57:10+00:00\",\"description\":\"formulari contacte i ajuda per a dubtes amb respostes sobre assessoria comptable, fiscal, laboral i successions per a clients a Barcelona\",\"breadcrumb\":{\"@id\":\"https:\\\/\\\/sauronconsulting.es\\\/ca\\\/contacte\\\/#breadcrumb\"},\"inLanguage\":\"ca\",\"potentialAction\":[{\"@type\":\"ReadAction\",\"target\":[\"https:\\\/\\\/sauronconsulting.es\\\/ca\\\/contacte\\\/\"]}]},{\"@type\":\"ImageObject\",\"inLanguage\":\"ca\",\"@id\":\"https:\\\/\\\/sauronconsulting.es\\\/ca\\\/contacte\\\/#primaryimage\",\"url\":\"https:\\\/\\\/sauronconsulting.es\\\/wp-content\\\/uploads\\\/2020\\\/02\\\/asesoria-contable.webp\",\"contentUrl\":\"https:\\\/\\\/sauronconsulting.es\\\/wp-content\\\/uploads\\\/2020\\\/02\\\/asesoria-contable.webp\",\"width\":1500,\"height\":1000,\"caption\":\"pantalla port\u00e1til asesor\u00eda fiscal\"},{\"@type\":\"BreadcrumbList\",\"@id\":\"https:\\\/\\\/sauronconsulting.es\\\/ca\\\/contacte\\\/#breadcrumb\",\"itemListElement\":[{\"@type\":\"ListItem\",\"position\":1,\"name\":\"Inicio\",\"item\":\"https:\\\/\\\/sauronconsulting.es\\\/ca\\\/\"},{\"@type\":\"ListItem\",\"position\":2,\"name\":\"Contacte\"}]},{\"@type\":\"WebSite\",\"@id\":\"https:\\\/\\\/sauronconsulting.es\\\/ca\\\/#website\",\"url\":\"https:\\\/\\\/sauronconsulting.es\\\/ca\\\/\",\"name\":\"Sauron Consulting | Asesor\u00eda y gesti\u00f3n de herencias en Barcelona\",\"description\":\"Consultor\u00eda\",\"publisher\":{\"@id\":\"https:\\\/\\\/sauronconsulting.es\\\/ca\\\/#organization\"},\"potentialAction\":[{\"@type\":\"SearchAction\",\"target\":{\"@type\":\"EntryPoint\",\"urlTemplate\":\"https:\\\/\\\/sauronconsulting.es\\\/ca\\\/?s={search_term_string}\"},\"query-input\":{\"@type\":\"PropertyValueSpecification\",\"valueRequired\":true,\"valueName\":\"search_term_string\"}}],\"inLanguage\":\"ca\"},{\"@type\":\"Organization\",\"@id\":\"https:\\\/\\\/sauronconsulting.es\\\/ca\\\/#organization\",\"name\":\"Sauron Consulting\",\"url\":\"https:\\\/\\\/sauronconsulting.es\\\/ca\\\/\",\"logo\":{\"@type\":\"ImageObject\",\"inLanguage\":\"ca\",\"@id\":\"https:\\\/\\\/sauronconsulting.es\\\/ca\\\/#\\\/schema\\\/logo\\\/image\\\/\",\"url\":\"https:\\\/\\\/sauronconsulting.es\\\/wp-content\\\/uploads\\\/2024\\\/01\\\/S_C_logo2.webp\",\"contentUrl\":\"https:\\\/\\\/sauronconsulting.es\\\/wp-content\\\/uploads\\\/2024\\\/01\\\/S_C_logo2.webp\",\"width\":1748,\"height\":1240,\"caption\":\"Sauron Consulting\"},\"image\":{\"@id\":\"https:\\\/\\\/sauronconsulting.es\\\/ca\\\/#\\\/schema\\\/logo\\\/image\\\/\"},\"sameAs\":[\"https:\\\/\\\/www.linkedin.com\\\/company\\\/sauron-consulting\"]}]}<\/script>\n<!-- \/ Yoast SEO plugin. -->","yoast_head_json":{"title":"Contacte - SauronConsulting","description":"formulari contacte i ajuda per a dubtes amb respostes sobre assessoria comptable, fiscal, laboral i successions per a clients a Barcelona","robots":{"index":"index","follow":"follow","max-snippet":"max-snippet:-1","max-image-preview":"max-image-preview:large","max-video-preview":"max-video-preview:-1"},"canonical":"https:\/\/sauronconsulting.es\/ca\/contacte\/","og_locale":"ca_ES","og_type":"article","og_title":"Contacte - SauronConsulting","og_description":"formulari contacte i ajuda per a dubtes amb respostes sobre assessoria comptable, fiscal, laboral i successions per a clients a Barcelona","og_url":"https:\/\/sauronconsulting.es\/ca\/contacte\/","og_site_name":"SauronConsulting","article_modified_time":"2024-02-09T22:57:10+00:00","og_image":[{"width":1500,"height":1000,"url":"https:\/\/sauronconsulting.es\/wp-content\/uploads\/2020\/02\/asesoria-contable.webp","type":"image\/jpeg"}],"twitter_card":"summary_large_image","schema":{"@context":"https:\/\/schema.org","@graph":[{"@type":"WebPage","@id":"https:\/\/sauronconsulting.es\/ca\/contacte\/","url":"https:\/\/sauronconsulting.es\/ca\/contacte\/","name":"Contacte - SauronConsulting","isPartOf":{"@id":"https:\/\/sauronconsulting.es\/ca\/#website"},"primaryImageOfPage":{"@id":"https:\/\/sauronconsulting.es\/ca\/contacte\/#primaryimage"},"image":{"@id":"https:\/\/sauronconsulting.es\/ca\/contacte\/#primaryimage"},"thumbnailUrl":"https:\/\/sauronconsulting.es\/wp-content\/uploads\/2020\/02\/asesoria-contable.webp","datePublished":"2024-01-17T17:09:59+00:00","dateModified":"2024-02-09T22:57:10+00:00","description":"formulari contacte i ajuda per a dubtes amb respostes sobre assessoria comptable, fiscal, laboral i successions per a clients a Barcelona","breadcrumb":{"@id":"https:\/\/sauronconsulting.es\/ca\/contacte\/#breadcrumb"},"inLanguage":"ca","potentialAction":[{"@type":"ReadAction","target":["https:\/\/sauronconsulting.es\/ca\/contacte\/"]}]},{"@type":"ImageObject","inLanguage":"ca","@id":"https:\/\/sauronconsulting.es\/ca\/contacte\/#primaryimage","url":"https:\/\/sauronconsulting.es\/wp-content\/uploads\/2020\/02\/asesoria-contable.webp","contentUrl":"https:\/\/sauronconsulting.es\/wp-content\/uploads\/2020\/02\/asesoria-contable.webp","width":1500,"height":1000,"caption":"pantalla port\u00e1til asesor\u00eda fiscal"},{"@type":"BreadcrumbList","@id":"https:\/\/sauronconsulting.es\/ca\/contacte\/#breadcrumb","itemListElement":[{"@type":"ListItem","position":1,"name":"Inicio","item":"https:\/\/sauronconsulting.es\/ca\/"},{"@type":"ListItem","position":2,"name":"Contacte"}]},{"@type":"WebSite","@id":"https:\/\/sauronconsulting.es\/ca\/#website","url":"https:\/\/sauronconsulting.es\/ca\/","name":"Sauron Consulting | Asesor\u00eda y gesti\u00f3n de herencias en Barcelona","description":"Consultor\u00eda","publisher":{"@id":"https:\/\/sauronconsulting.es\/ca\/#organization"},"potentialAction":[{"@type":"SearchAction","target":{"@type":"EntryPoint","urlTemplate":"https:\/\/sauronconsulting.es\/ca\/?s={search_term_string}"},"query-input":{"@type":"PropertyValueSpecification","valueRequired":true,"valueName":"search_term_string"}}],"inLanguage":"ca"},{"@type":"Organization","@id":"https:\/\/sauronconsulting.es\/ca\/#organization","name":"Sauron Consulting","url":"https:\/\/sauronconsulting.es\/ca\/","logo":{"@type":"ImageObject","inLanguage":"ca","@id":"https:\/\/sauronconsulting.es\/ca\/#\/schema\/logo\/image\/","url":"https:\/\/sauronconsulting.es\/wp-content\/uploads\/2024\/01\/S_C_logo2.webp","contentUrl":"https:\/\/sauronconsulting.es\/wp-content\/uploads\/2024\/01\/S_C_logo2.webp","width":1748,"height":1240,"caption":"Sauron Consulting"},"image":{"@id":"https:\/\/sauronconsulting.es\/ca\/#\/schema\/logo\/image\/"},"sameAs":["https:\/\/www.linkedin.com\/company\/sauron-consulting"]}]}},"_links":{"self":[{"href":"https:\/\/sauronconsulting.es\/ca\/wp-json\/wp\/v2\/pages\/5458","targetHints":{"allow":["GET"]}}],"collection":[{"href":"https:\/\/sauronconsulting.es\/ca\/wp-json\/wp\/v2\/pages"}],"about":[{"href":"https:\/\/sauronconsulting.es\/ca\/wp-json\/wp\/v2\/types\/page"}],"author":[{"embeddable":true,"href":"https:\/\/sauronconsulting.es\/ca\/wp-json\/wp\/v2\/users\/1"}],"replies":[{"embeddable":true,"href":"https:\/\/sauronconsulting.es\/ca\/wp-json\/wp\/v2\/comments?post=5458"}],"version-history":[{"count":7,"href":"https:\/\/sauronconsulting.es\/ca\/wp-json\/wp\/v2\/pages\/5458\/revisions"}],"predecessor-version":[{"id":6100,"href":"https:\/\/sauronconsulting.es\/ca\/wp-json\/wp\/v2\/pages\/5458\/revisions\/6100"}],"wp:featuredmedia":[{"embeddable":true,"href":"https:\/\/sauronconsulting.es\/ca\/wp-json\/wp\/v2\/media\/4701"}],"wp:attachment":[{"href":"https:\/\/sauronconsulting.es\/ca\/wp-json\/wp\/v2\/media?parent=5458"}],"curies":[{"name":"wp","href":"https:\/\/api.w.org\/{rel}","templated":true}]}}