{"id":5470,"date":"2024-01-17T15:38:55","date_gmt":"2024-01-17T14:38:55","guid":{"rendered":"https:\/\/sauronconsulting.es\/politica-de-privacitat\/"},"modified":"2024-02-10T00:02:33","modified_gmt":"2024-02-09T23:02:33","slug":"politica-de-privacitat","status":"publish","type":"page","link":"https:\/\/sauronconsulting.es\/ca\/politica-de-privacitat\/","title":{"rendered":"Pol\u00edtica de privacitat"},"content":{"rendered":"\t\t<div data-elementor-type=\"wp-page\" data-elementor-id=\"5470\" class=\"elementor elementor-5470 elementor-3\" data-elementor-post-type=\"page\">\n\t\t\t\t<div class=\"elementor-element elementor-element-9063eb8 e-flex e-con-boxed e-con e-parent\" data-id=\"9063eb8\" data-element_type=\"container\" data-e-type=\"container\">\n\t\t\t\t\t<div class=\"e-con-inner\">\n\t\t\t\t<div class=\"elementor-element elementor-element-eb466bf elementor-widget elementor-widget-breadcrumbs\" data-id=\"eb466bf\" data-element_type=\"widget\" data-e-type=\"widget\" data-widget_type=\"breadcrumbs.default\">\n\t\t\t\t<div class=\"elementor-widget-container\">\n\t\t\t\t\t<p id=\"breadcrumbs\"><span><span><a href=\"https:\/\/sauronconsulting.es\/ca\/\">Inicio<\/a><\/span><\/span><\/p>\t\t\t\t<\/div>\n\t\t\t\t<\/div>\n\t\t\t\t\t<\/div>\n\t\t\t\t<\/div>\n\t\t<div class=\"elementor-element elementor-element-3b1bcc45 e-flex e-con-boxed e-con e-parent\" data-id=\"3b1bcc45\" data-element_type=\"container\" data-e-type=\"container\">\n\t\t\t\t\t<div class=\"e-con-inner\">\n\t\t\t\t<div class=\"elementor-element elementor-element-752e8291 elementor-widget elementor-widget-text-editor\" data-id=\"752e8291\" data-element_type=\"widget\" data-e-type=\"widget\" data-widget_type=\"text-editor.default\">\n\t\t\t\t<div class=\"elementor-widget-container\">\n\t\t\t\t\t\t\t\t\t<h3>RESPONSABLE DEL TRACTAMENT<\/h3>\n<p>L&#8217;empresa responsable del tractament de les vostres dades en virtut d&#8217;aquesta Pol\u00edtica de privacitat:<br \/>SAURON CONSULTING, SL.<br \/>NIF: B64220866<br \/>Domicili: Pla\u00e7a Virrei amat, 11 &#8211; EN 2, 08016, Barcelona<br \/>Adre\u00e7a electr\u00f2nica: <a href=\"mailto:agarcia@sauronconsulting.es\">agarcia@sauronconsulting.es<\/a><br \/>Web: https:\/\/www.sauronconsulting.es<br \/>Tel\u00e8fon: 933513682<br \/>Inscrita en el Registre Mercantil de Barcelona, al foli 165, volum 38.670, full B330952<\/p>\n<h3>DADES PERSONALS<\/h3>\n<p>Una dada personal \u00e9s la informaci\u00f3 que us identifica o us fa identificable. A trav\u00e9s del web, a les caselles establertes a aquest efecte recollim les dades personals que l&#8217;usuari ens comunica: Nom, cognoms, correu electr\u00f2nic, tel\u00e8fon, adre\u00e7a postal, poblaci\u00f3, etc. <\/p>\n<p>La visita de l&#8217;usuari a la web no implica que hagi de facilitar cap informaci\u00f3 sobre les vostres dades personals. No obstant aix\u00f2, en cas de facilitar-los, les dades seran tractades de forma l\u00edcita amb subjecci\u00f3 en tot moment als principis i drets recollits al RGPD 2016\/679 de 27 d&#8217;abril de 2016 i la LOPDGDD 3\/2018 del 5 de desembre. <\/p>\n<h3>FINALITAT, DURADA I LEGITIMACI\u00d3 DEL TRACTAMENT:<\/h3>\n<p>Les dades que l&#8217;usuari ens proporcioni les tractarem amb les finalitats seg\u00fcents:<\/p>\n<p>\u2022 Atendre la sol\u00b7licitud o petici\u00f3 feta per l&#8217;usuari a trav\u00e9s del formulari de contacte situat a la web. Recollim i tractem les dades personals de l&#8217;usuari per poder tramitar i gestionar la vostra sol\u00b7licitud, una consulta o qualsevol petici\u00f3 que realitzeu a trav\u00e9s d&#8217;aquest formulari. <\/p>\n<p>Aquestes dades les conservarem durant el temps necessari per donar compliment a la vostra petici\u00f3 i durant el temps establert per la llei amb una durada m\u00ednima de 3 anys.<\/p>\n<p>La base de legitimaci\u00f3 del tractament de les dades ser\u00e0 el consentiment que atorga l&#8217;usuari en seleccionar la casella d&#8217;acceptaci\u00f3 de la nostra pol\u00edtica de privadesa abans d&#8217;enviar la petici\u00f3.<\/p>\n<p>L&#8217;usuari t\u00e9 dret a revocar el consentiment en qualsevol moment sense que aix\u00f2 afecti la licitud del tractament basat en el consentiment previ a la seva retirada.<\/p>\n<p>\u2022 Gestionar el curr\u00edculum rem\u00e8s per l&#8217;interessat a trav\u00e9s del formulari habilitat per a aquest efecte i incloure&#8217;l a la base de dades de candidats de l&#8217;empresa. Aquestes dades es conservaran durant el termini m\u00e0xim d&#8217;un any, transcorregut el qual, es procedir\u00e0 al bloqueig de les dades durant el temps establert legalment, garantint-li un total respecte a la confidencialitat tant en el tractament com en la destrucci\u00f3 posterior. La base leg\u00edtima per gestionar i tractar el curr\u00edculum de l&#8217;interessat \u00e9s el seu consentiment que manifesta en realitzar una acci\u00f3 afirmativa d&#8217;enviament del mateix i seleccionar la casella d&#8217;acceptaci\u00f3 de la nostra pol\u00edtica de privadesa pr\u00e8viament al seu enviament. L&#8217;usuari t\u00e9 dret a revocar el consentiment en qualsevol moment sense que aix\u00f2 afecti la licitud del tractament basat en el consentiment previ a la seva retirada.   <\/p>\n<p>Millorar la vostra experi\u00e8ncia en navegar per la web. Aquestes dades les conservarem mentre l&#8217;usuari no revoqui el seu consentiment al seu tractament eliminant les galetes i durant el temps establert per la llei amb una durada m\u00ednima de 3 anys. <\/p>\n<p>La base leg\u00edtima per millorar la vostra experi\u00e8ncia en navegar per la web \u00e9s el consentiment que atorga l&#8217;usuari en acceptar les cookies. L&#8217;usuari t\u00e9 dret a revocar el consentiment en qualsevol moment sense que aix\u00f2 afecti la licitud del tractament basat en el consentiment previ a la seva retirada. <\/p>\n<h3>CESSI\u00d3 O COMUNICACI\u00d3 DE DADES PERSONALS I TRANSFER\u00c8NCIES INTERNACIONALS:<\/h3>\n<p>Les vostres dades no es comunicaran ni seran cedides a tercers llevat que hi hagi alguna obligaci\u00f3 legal o aquells prestadors vinculats al Responsable que actuen com a encarregats del tractament.<br \/>No es realitzen transfer\u00e8ncies internacionals, per al cas que en algun moment poguessin realitzar-se, se li comunicaran per tal d&#8217;obtenir-ne el consentiment.<\/p>\n<h3>ACTUALITZACI\u00d3 DE DADES<\/h3>\n<p>\u00c9s important que perqu\u00e8 puguem mantenir les dades personals actualitzades, l&#8217;usuari ens informi sempre que hi hagi hagut alguna modificaci\u00f3, en cas contrari, no responem de la seva veracitat.<\/p>\n<p>L&#8217;usuari garanteix que les dades personals facilitades s\u00f3n veraces garantint que tota la informaci\u00f3 facilitada correspon a la situaci\u00f3 real, que est\u00e0 posada al dia i \u00e9s exacta, i queda obligat a comunicar qualsevol modificaci\u00f3.<\/p>\n<h3>DADES DE TERCERS<\/h3>\n<p>Si l&#8217;usuari facilita dades de terceres persones per a qualsevol finalitat a SAURON CONSULTING, SL., garanteix que ha obtingut aquestes dades de forma l\u00edcita, que ha informat pr\u00e8viament els afectats, obtenint el seu consentiment per comunicar-los i que la informaci\u00f3 facilitada \u00e9s exacta i vera\u00e7 .<\/p>\n<h3>CAR\u00c0CTER OBLIGATORI DE LA INFORMACI\u00d3 SOL\u00b7LICITADA<\/h3>\n<p>Tots els nostres formularis compten amb un asterisc (*) a les dades obligat\u00f2ries. Si l&#8217;usuari no facilita aquests camps, o b\u00e9 no marca la casella d&#8217;acceptaci\u00f3 de la pol\u00edtica de privadesa, no es permetr\u00e0 l&#8217;enviament de la informaci\u00f3. <\/p>\n<h3>DRETS DELS INTERESSATS:<\/h3>\n<p>Teniu dret a accedir a les vostres dades ia obtenir confirmaci\u00f3 sobre el vostre tractament, aix\u00ed com una c\u00f2pia de les dades personals objecte de tractament. T\u00e9 dret a actualitzar-los i sol\u00b7licitar la rectificaci\u00f3 de les dades que siguin inexactes o sol\u00b7licitar la supressi\u00f3 quan les dades no siguin necess\u00e0ries per a les finalitats per a les quals van ser recollides. Podeu sol\u00b7licitar la limitaci\u00f3 en el tractament de les vostres dades i oposar-vos al tractament d&#8217;aquestes dades revocant el vostre consentiment, aix\u00ed com exercir el dret a la portabilitat de les dades. De la mateixa manera, t\u00e9 dret a no ser objecte de decisions basades \u00fanicament en el tractament automatitzat de les dades personals.   <\/p>\n<p>Podeu exercir els vostres drets contactant amb nosaltres<br \/>Pla\u00e7a Virrei amat, 11 &#8211; EN 2, 08016, Barcelona. Email: <a href=\"mailto:agarcia@sauronconsulting.es\">agarcia@sauronconsulting.es<\/a> <\/p>\n<p>Si considereu que els vostres drets no s&#8217;han at\u00e8s degudament, teniu dret a presentar una reclamaci\u00f3 davant l&#8217;Ag\u00e8ncia Espanyola de Protecci\u00f3 de Dades www.aepd.es<\/p>\n<h3>TRACTAMENT DE DADES DE MENORS D&#8217;EDAT<\/h3>\n<p>Qui facilita les dades a trav\u00e9s dels formularis d&#8217;aquesta web i accepta el seu tractament declara ser major de 14 anys, i queda prohibit l&#8217;acc\u00e9s i l&#8217;\u00fas del portal a menors d&#8217;aquesta edat. Si en algun moment, el Responsable detecta que un menor de 14 anys ha proporcionat dades de car\u00e0cter personal, procedirem a cancel\u00b7lar-les. Aix\u00ed mateix, els pares o tutors podran en qualsevol cas adre\u00e7ar-se a SAURON CONSULTING, SL. per bloquejar el compte d&#8217;acc\u00e9s dels menors a c\u00e0rrec seu que s&#8217;hagin registrat falsejant la identitat.   <\/p>\n<h3>TRACTAMENT DE COOKIES:<\/h3>\n<p>Una galeta \u00e9s un petit arxiu que es descarrega i s&#8217;emmagatzema a l&#8217;ordinador de l&#8217;usuari quan aquest accedeix a una p\u00e0gina web. Les Cookies permeten al web, entre altres coses, emmagatzemar i recuperar informaci\u00f3 sobre els h\u00e0bits de navegaci\u00f3 de l&#8217;usuari o del seu equip i, depenent de la informaci\u00f3 que continguin i de la manera com utilitzi el seu equip, es poden utilitzar per recon\u00e8ixer l&#8217;usuari. <\/p>\n<p>L&#8217;usuari t\u00e9 l&#8217;opci\u00f3 d&#8217;impedir la generaci\u00f3 de cookies, mitjan\u00e7ant la selecci\u00f3 de la corresponent opci\u00f3 al vostre programa de navegador. Podeu obtenir m\u00e9s informaci\u00f3 llegint la nostra Pol\u00edtica de Cookies. <\/p>\n\t\t\t\t\t\t\t\t<\/div>\n\t\t\t\t<\/div>\n\t\t\t\t\t<\/div>\n\t\t\t\t<\/div>\n\t\t\t\t<\/div>\n\t\t","protected":false},"excerpt":{"rendered":"<p>RESPONSABLE DEL TRACTAMENT L&#8217;empresa responsable del tractament de les vostres dades en virtut d&#8217;aquesta Pol\u00edtica de privacitat:SAURON CONSULTING, SL.NIF: B64220866Domicili: Pla\u00e7a Virrei amat, 11 &#8211; EN 2, 08016, BarcelonaAdre\u00e7a electr\u00f2nica: agarcia@sauronconsulting.esWeb: https:\/\/www.sauronconsulting.esTel\u00e8fon: 933513682Inscrita en el Registre Mercantil de Barcelona, al foli 165, volum 38.670, full B330952 DADES PERSONALS Una dada personal \u00e9s la informaci\u00f3 que&hellip;<\/p>\n","protected":false},"author":1,"featured_media":0,"parent":0,"menu_order":11,"comment_status":"closed","ping_status":"closed","template":"","meta":{"footnotes":""},"class_list":["post-5470","page","type-page","status-publish","hentry"],"yoast_head":"<!-- This site is optimized with the Yoast SEO plugin v27.5 - https:\/\/yoast.com\/product\/yoast-seo-wordpress\/ -->\n<title>Pol\u00edtica de privacitat - SauronConsulting<\/title>\n<meta name=\"robots\" content=\"index, follow, max-snippet:-1, max-image-preview:large, max-video-preview:-1\" \/>\n<link rel=\"canonical\" href=\"https:\/\/sauronconsulting.es\/ca\/politica-de-privacitat\/\" \/>\n<meta property=\"og:locale\" content=\"ca_ES\" \/>\n<meta property=\"og:type\" content=\"article\" \/>\n<meta property=\"og:title\" content=\"Pol\u00edtica de privacitat - SauronConsulting\" \/>\n<meta property=\"og:description\" content=\"RESPONSABLE DEL TRACTAMENT L&#8217;empresa responsable del tractament de les vostres dades en virtut d&#8217;aquesta Pol\u00edtica de privacitat:SAURON CONSULTING, SL.NIF: B64220866Domicili: Pla\u00e7a Virrei amat, 11 &#8211; EN 2, 08016, BarcelonaAdre\u00e7a electr\u00f2nica: agarcia@sauronconsulting.esWeb: https:\/\/www.sauronconsulting.esTel\u00e8fon: 933513682Inscrita en el Registre Mercantil de Barcelona, al foli 165, volum 38.670, full B330952 DADES PERSONALS Una dada personal \u00e9s la informaci\u00f3 que&hellip;\" \/>\n<meta property=\"og:url\" content=\"https:\/\/sauronconsulting.es\/ca\/politica-de-privacitat\/\" \/>\n<meta property=\"og:site_name\" content=\"SauronConsulting\" \/>\n<meta property=\"article:modified_time\" content=\"2024-02-09T23:02:33+00:00\" \/>\n<meta name=\"twitter:card\" content=\"summary_large_image\" \/>\n<meta name=\"twitter:label1\" content=\"Temps estimat de lectura\" \/>\n\t<meta name=\"twitter:data1\" content=\"6 minuts\" \/>\n<script type=\"application\/ld+json\" class=\"yoast-schema-graph\">{\"@context\":\"https:\\\/\\\/schema.org\",\"@graph\":[{\"@type\":\"WebPage\",\"@id\":\"https:\\\/\\\/sauronconsulting.es\\\/ca\\\/politica-de-privacitat\\\/\",\"url\":\"https:\\\/\\\/sauronconsulting.es\\\/ca\\\/politica-de-privacitat\\\/\",\"name\":\"Pol\u00edtica de privacitat - SauronConsulting\",\"isPartOf\":{\"@id\":\"https:\\\/\\\/sauronconsulting.es\\\/ca\\\/#website\"},\"datePublished\":\"2024-01-17T14:38:55+00:00\",\"dateModified\":\"2024-02-09T23:02:33+00:00\",\"breadcrumb\":{\"@id\":\"https:\\\/\\\/sauronconsulting.es\\\/ca\\\/politica-de-privacitat\\\/#breadcrumb\"},\"inLanguage\":\"ca\",\"potentialAction\":[{\"@type\":\"ReadAction\",\"target\":[\"https:\\\/\\\/sauronconsulting.es\\\/ca\\\/politica-de-privacitat\\\/\"]}]},{\"@type\":\"BreadcrumbList\",\"@id\":\"https:\\\/\\\/sauronconsulting.es\\\/ca\\\/politica-de-privacitat\\\/#breadcrumb\",\"itemListElement\":[{\"@type\":\"ListItem\",\"position\":1,\"name\":\"Inicio\",\"item\":\"https:\\\/\\\/sauronconsulting.es\\\/ca\\\/\"},{\"@type\":\"ListItem\",\"position\":2,\"name\":\"Pol\u00edtica de privacitat\"}]},{\"@type\":\"WebSite\",\"@id\":\"https:\\\/\\\/sauronconsulting.es\\\/ca\\\/#website\",\"url\":\"https:\\\/\\\/sauronconsulting.es\\\/ca\\\/\",\"name\":\"Sauron Consulting | Asesor\u00eda y gesti\u00f3n de herencias en Barcelona\",\"description\":\"Consultor\u00eda\",\"publisher\":{\"@id\":\"https:\\\/\\\/sauronconsulting.es\\\/ca\\\/#organization\"},\"potentialAction\":[{\"@type\":\"SearchAction\",\"target\":{\"@type\":\"EntryPoint\",\"urlTemplate\":\"https:\\\/\\\/sauronconsulting.es\\\/ca\\\/?s={search_term_string}\"},\"query-input\":{\"@type\":\"PropertyValueSpecification\",\"valueRequired\":true,\"valueName\":\"search_term_string\"}}],\"inLanguage\":\"ca\"},{\"@type\":\"Organization\",\"@id\":\"https:\\\/\\\/sauronconsulting.es\\\/ca\\\/#organization\",\"name\":\"Sauron Consulting\",\"url\":\"https:\\\/\\\/sauronconsulting.es\\\/ca\\\/\",\"logo\":{\"@type\":\"ImageObject\",\"inLanguage\":\"ca\",\"@id\":\"https:\\\/\\\/sauronconsulting.es\\\/ca\\\/#\\\/schema\\\/logo\\\/image\\\/\",\"url\":\"https:\\\/\\\/sauronconsulting.es\\\/wp-content\\\/uploads\\\/2024\\\/01\\\/S_C_logo2.webp\",\"contentUrl\":\"https:\\\/\\\/sauronconsulting.es\\\/wp-content\\\/uploads\\\/2024\\\/01\\\/S_C_logo2.webp\",\"width\":1748,\"height\":1240,\"caption\":\"Sauron Consulting\"},\"image\":{\"@id\":\"https:\\\/\\\/sauronconsulting.es\\\/ca\\\/#\\\/schema\\\/logo\\\/image\\\/\"},\"sameAs\":[\"https:\\\/\\\/www.linkedin.com\\\/company\\\/sauron-consulting\"]}]}<\/script>\n<!-- \/ Yoast SEO plugin. -->","yoast_head_json":{"title":"Pol\u00edtica de privacitat - SauronConsulting","robots":{"index":"index","follow":"follow","max-snippet":"max-snippet:-1","max-image-preview":"max-image-preview:large","max-video-preview":"max-video-preview:-1"},"canonical":"https:\/\/sauronconsulting.es\/ca\/politica-de-privacitat\/","og_locale":"ca_ES","og_type":"article","og_title":"Pol\u00edtica de privacitat - SauronConsulting","og_description":"RESPONSABLE DEL TRACTAMENT L&#8217;empresa responsable del tractament de les vostres dades en virtut d&#8217;aquesta Pol\u00edtica de privacitat:SAURON CONSULTING, SL.NIF: B64220866Domicili: Pla\u00e7a Virrei amat, 11 &#8211; EN 2, 08016, BarcelonaAdre\u00e7a electr\u00f2nica: agarcia@sauronconsulting.esWeb: https:\/\/www.sauronconsulting.esTel\u00e8fon: 933513682Inscrita en el Registre Mercantil de Barcelona, al foli 165, volum 38.670, full B330952 DADES PERSONALS Una dada personal \u00e9s la informaci\u00f3 que&hellip;","og_url":"https:\/\/sauronconsulting.es\/ca\/politica-de-privacitat\/","og_site_name":"SauronConsulting","article_modified_time":"2024-02-09T23:02:33+00:00","twitter_card":"summary_large_image","twitter_misc":{"Temps estimat de lectura":"6 minuts"},"schema":{"@context":"https:\/\/schema.org","@graph":[{"@type":"WebPage","@id":"https:\/\/sauronconsulting.es\/ca\/politica-de-privacitat\/","url":"https:\/\/sauronconsulting.es\/ca\/politica-de-privacitat\/","name":"Pol\u00edtica de privacitat - SauronConsulting","isPartOf":{"@id":"https:\/\/sauronconsulting.es\/ca\/#website"},"datePublished":"2024-01-17T14:38:55+00:00","dateModified":"2024-02-09T23:02:33+00:00","breadcrumb":{"@id":"https:\/\/sauronconsulting.es\/ca\/politica-de-privacitat\/#breadcrumb"},"inLanguage":"ca","potentialAction":[{"@type":"ReadAction","target":["https:\/\/sauronconsulting.es\/ca\/politica-de-privacitat\/"]}]},{"@type":"BreadcrumbList","@id":"https:\/\/sauronconsulting.es\/ca\/politica-de-privacitat\/#breadcrumb","itemListElement":[{"@type":"ListItem","position":1,"name":"Inicio","item":"https:\/\/sauronconsulting.es\/ca\/"},{"@type":"ListItem","position":2,"name":"Pol\u00edtica de privacitat"}]},{"@type":"WebSite","@id":"https:\/\/sauronconsulting.es\/ca\/#website","url":"https:\/\/sauronconsulting.es\/ca\/","name":"Sauron Consulting | Asesor\u00eda y gesti\u00f3n de herencias en Barcelona","description":"Consultor\u00eda","publisher":{"@id":"https:\/\/sauronconsulting.es\/ca\/#organization"},"potentialAction":[{"@type":"SearchAction","target":{"@type":"EntryPoint","urlTemplate":"https:\/\/sauronconsulting.es\/ca\/?s={search_term_string}"},"query-input":{"@type":"PropertyValueSpecification","valueRequired":true,"valueName":"search_term_string"}}],"inLanguage":"ca"},{"@type":"Organization","@id":"https:\/\/sauronconsulting.es\/ca\/#organization","name":"Sauron Consulting","url":"https:\/\/sauronconsulting.es\/ca\/","logo":{"@type":"ImageObject","inLanguage":"ca","@id":"https:\/\/sauronconsulting.es\/ca\/#\/schema\/logo\/image\/","url":"https:\/\/sauronconsulting.es\/wp-content\/uploads\/2024\/01\/S_C_logo2.webp","contentUrl":"https:\/\/sauronconsulting.es\/wp-content\/uploads\/2024\/01\/S_C_logo2.webp","width":1748,"height":1240,"caption":"Sauron Consulting"},"image":{"@id":"https:\/\/sauronconsulting.es\/ca\/#\/schema\/logo\/image\/"},"sameAs":["https:\/\/www.linkedin.com\/company\/sauron-consulting"]}]}},"_links":{"self":[{"href":"https:\/\/sauronconsulting.es\/ca\/wp-json\/wp\/v2\/pages\/5470","targetHints":{"allow":["GET"]}}],"collection":[{"href":"https:\/\/sauronconsulting.es\/ca\/wp-json\/wp\/v2\/pages"}],"about":[{"href":"https:\/\/sauronconsulting.es\/ca\/wp-json\/wp\/v2\/types\/page"}],"author":[{"embeddable":true,"href":"https:\/\/sauronconsulting.es\/ca\/wp-json\/wp\/v2\/users\/1"}],"replies":[{"embeddable":true,"href":"https:\/\/sauronconsulting.es\/ca\/wp-json\/wp\/v2\/comments?post=5470"}],"version-history":[{"count":9,"href":"https:\/\/sauronconsulting.es\/ca\/wp-json\/wp\/v2\/pages\/5470\/revisions"}],"predecessor-version":[{"id":6112,"href":"https:\/\/sauronconsulting.es\/ca\/wp-json\/wp\/v2\/pages\/5470\/revisions\/6112"}],"wp:attachment":[{"href":"https:\/\/sauronconsulting.es\/ca\/wp-json\/wp\/v2\/media?parent=5470"}],"curies":[{"name":"wp","href":"https:\/\/api.w.org\/{rel}","templated":true}]}}